{"id":460,"date":"2025-04-15T23:26:03","date_gmt":"2025-04-15T21:26:03","guid":{"rendered":"https:\/\/www.moulindelagrognette.fr\/?page_id=460"},"modified":"2025-05-23T15:30:06","modified_gmt":"2025-05-23T13:30:06","slug":"appartement-du-moulin","status":"publish","type":"page","link":"https:\/\/www.moulindelagrognette.fr\/?page_id=460","title":{"rendered":"Appartement du Moulin"},"content":{"rendered":"\t\t<div data-elementor-type=\"wp-page\" data-elementor-id=\"460\" class=\"elementor elementor-460\">\n\t\t\t\t<div class=\"elementor-element elementor-element-37c421e e-grid e-con-full e-con e-parent\" data-id=\"37c421e\" data-element_type=\"container\">\n\t\t\t\t<div class=\"elementor-element elementor-element-650fb9f elementor-widget elementor-widget-image\" data-id=\"650fb9f\" data-element_type=\"widget\" data-widget_type=\"image.default\">\n\t\t\t\t<div class=\"elementor-widget-container\">\n\t\t\t\t\t\t\t\t\t\t\t\t\t\t\t<img fetchpriority=\"high\" decoding=\"async\" width=\"1024\" height=\"768\" src=\"https:\/\/www.moulindelagrognette.fr\/wp-content\/uploads\/2025\/04\/Chambre-appart.-La-Grognette-1024x768.jpg\" class=\"attachment-large size-large wp-image-479\" alt=\"\" srcset=\"https:\/\/www.moulindelagrognette.fr\/wp-content\/uploads\/2025\/04\/Chambre-appart.-La-Grognette-1024x768.jpg 1024w, https:\/\/www.moulindelagrognette.fr\/wp-content\/uploads\/2025\/04\/Chambre-appart.-La-Grognette-300x225.jpg 300w, https:\/\/www.moulindelagrognette.fr\/wp-content\/uploads\/2025\/04\/Chambre-appart.-La-Grognette-768x576.jpg 768w, https:\/\/www.moulindelagrognette.fr\/wp-content\/uploads\/2025\/04\/Chambre-appart.-La-Grognette-1536x1152.jpg 1536w, https:\/\/www.moulindelagrognette.fr\/wp-content\/uploads\/2025\/04\/Chambre-appart.-La-Grognette-2048x1536.jpg 2048w\" sizes=\"(max-width: 1024px) 100vw, 1024px\" \/>\t\t\t\t\t\t\t\t\t\t\t\t\t\t\t<\/div>\n\t\t\t\t<\/div>\n\t\t\t\t<div class=\"elementor-element elementor-element-7e53ee2 elementor-widget elementor-widget-image\" data-id=\"7e53ee2\" data-element_type=\"widget\" data-widget_type=\"image.default\">\n\t\t\t\t<div class=\"elementor-widget-container\">\n\t\t\t\t\t\t\t\t\t\t\t\t\t\t\t<img decoding=\"async\" width=\"768\" height=\"1024\" src=\"https:\/\/www.moulindelagrognette.fr\/wp-content\/uploads\/2025\/04\/Chambre-Appartement-du-Moulin-1x-lit-140-2x-lits-90x200-1-768x1024.jpg\" class=\"attachment-large size-large wp-image-481\" alt=\"\" srcset=\"https:\/\/www.moulindelagrognette.fr\/wp-content\/uploads\/2025\/04\/Chambre-Appartement-du-Moulin-1x-lit-140-2x-lits-90x200-1-768x1024.jpg 768w, https:\/\/www.moulindelagrognette.fr\/wp-content\/uploads\/2025\/04\/Chambre-Appartement-du-Moulin-1x-lit-140-2x-lits-90x200-1-225x300.jpg 225w, https:\/\/www.moulindelagrognette.fr\/wp-content\/uploads\/2025\/04\/Chambre-Appartement-du-Moulin-1x-lit-140-2x-lits-90x200-1-1152x1536.jpg 1152w, https:\/\/www.moulindelagrognette.fr\/wp-content\/uploads\/2025\/04\/Chambre-Appartement-du-Moulin-1x-lit-140-2x-lits-90x200-1-1536x2048.jpg 1536w, https:\/\/www.moulindelagrognette.fr\/wp-content\/uploads\/2025\/04\/Chambre-Appartement-du-Moulin-1x-lit-140-2x-lits-90x200-1-scaled.jpg 1920w\" sizes=\"(max-width: 768px) 100vw, 768px\" \/>\t\t\t\t\t\t\t\t\t\t\t\t\t\t\t<\/div>\n\t\t\t\t<\/div>\n\t\t\t\t<div class=\"elementor-element elementor-element-d5c29bb elementor-widget elementor-widget-text-editor\" data-id=\"d5c29bb\" data-element_type=\"widget\" data-widget_type=\"text-editor.default\">\n\t\t\t\t<div class=\"elementor-widget-container\">\n\t\t\t\t\t\t\t\t\t<p class=\"MsoNormal\"><b><span style=\"font-size: 14.0pt; line-height: 107%; font-family: 'Segoe Print'; color: #623f2c;\">Appartement du moulin<\/span><\/b><\/p><p class=\"MsoListParagraphCxSpFirst\" style=\"text-indent: -18.0pt; mso-list: l0 level1 lfo1;\"><!-- [if !supportLists]--><span style=\"font-family: Wingdings; mso-fareast-font-family: Wingdings; mso-bidi-font-family: Wingdings; color: #623f2c;\">\u00f0<span style=\"font: 7.0pt 'Times New Roman';\">\u00a0 <\/span><\/span><!--[endif]--><span style=\"font-family: 'Segoe Print'; color: #623f2c;\">Chambre double ou triple<\/span><\/p><p class=\"MsoListParagraphCxSpMiddle\" style=\"text-indent: -18.0pt; mso-list: l0 level1 lfo1;\"><!-- [if !supportLists]--><span style=\"font-family: Wingdings; mso-fareast-font-family: Wingdings; mso-bidi-font-family: Wingdings; color: #623f2c;\">\u00f0<span style=\"font: 7.0pt 'Times New Roman';\">\u00a0 <\/span><\/span><!--[endif]--><span style=\"font-family: 'Segoe Print'; color: #623f2c;\">Petit-d\u00e9jeuner copieux<\/span><\/p><p class=\"MsoListParagraphCxSpMiddle\" style=\"text-indent: -18.0pt; mso-list: l0 level1 lfo1;\"><!-- [if !supportLists]--><span style=\"font-family: Wingdings; mso-fareast-font-family: Wingdings; mso-bidi-font-family: Wingdings; color: #623f2c;\">\u00f0<span style=\"font: 7.0pt 'Times New Roman';\">\u00a0 <\/span><\/span><!--[endif]--><span style=\"font-family: 'Segoe Print'; color: #623f2c;\">Salle de bain priv\u00e9e<\/span><\/p><p class=\"MsoListParagraphCxSpMiddle\" style=\"text-indent: -18.0pt; mso-list: l0 level1 lfo1;\"><!-- [if !supportLists]--><span style=\"font-family: Wingdings; mso-fareast-font-family: Wingdings; mso-bidi-font-family: Wingdings; color: #623f2c;\">\u00f0<span style=\"font: 7.0pt 'Times New Roman';\">\u00a0 <\/span><\/span><!--[endif]--><span style=\"font-family: 'Segoe Print'; color: #623f2c;\">Cuisine agenc\u00e9e<\/span><\/p><p class=\"MsoListParagraphCxSpMiddle\" style=\"text-indent: -18.0pt; mso-list: l0 level1 lfo1;\"><!-- [if !supportLists]--><span style=\"font-family: Wingdings; mso-fareast-font-family: Wingdings; mso-bidi-font-family: Wingdings; color: #623f2c;\">\u00f0<span style=\"font: 7.0pt 'Times New Roman';\">\u00a0 <\/span><\/span><!--[endif]--><span style=\"font-family: 'Segoe Print'; color: #623f2c;\">Chambre \u00e0 l&rsquo;\u00e9tage<\/span><\/p><p class=\"MsoListParagraphCxSpMiddle\" style=\"text-indent: -18.0pt; mso-list: l0 level1 lfo1;\"><!-- [if !supportLists]--><span style=\"font-family: Wingdings; mso-fareast-font-family: Wingdings; mso-bidi-font-family: Wingdings; color: #623f2c;\">\u00f0<span style=\"font: 7.0pt 'Times New Roman';\">\u00a0 <\/span><\/span><!--[endif]--><span style=\"font-family: 'Segoe Print'; color: #623f2c;\">Po\u00eale \u00e0 bois<\/span><\/p><p class=\"MsoListParagraphCxSpMiddle\" style=\"text-indent: -18.0pt; mso-list: l0 level1 lfo1;\"><!-- [if !supportLists]--><span style=\"font-family: Wingdings; mso-fareast-font-family: Wingdings; mso-bidi-font-family: Wingdings; color: #623f2c;\">\u00f0<span style=\"font: 7.0pt 'Times New Roman';\">\u00a0 <\/span><\/span><!--[endif]--><span style=\"font-family: 'Segoe Print'; color: #623f2c;\">Draps et serviette<\/span><\/p><p class=\"MsoListParagraphCxSpMiddle\" style=\"text-indent: -18.0pt; mso-list: l0 level1 lfo1;\"><!-- [if !supportLists]--><span style=\"font-family: Wingdings; mso-fareast-font-family: Wingdings; mso-bidi-font-family: Wingdings; color: #623f2c;\">\u00f0<span style=\"font: 7.0pt 'Times New Roman';\">\u00a0 <\/span><\/span><!--[endif]--><span style=\"font-family: 'Segoe Print'; color: #623f2c;\">S\u00e8che-cheveux<\/span><\/p><p class=\"MsoListParagraphCxSpMiddle\" style=\"text-indent: -18.0pt; mso-list: l0 level1 lfo1;\"><span style=\"font-size: 15px; text-indent: -18pt; font-family: Wingdings; color: #623f2c;\">\u00f0<span style=\"font: 7.0pt 'Times New Roman';\">\u00a0 <\/span><\/span><span style=\"font-size: 15px; text-indent: -18pt; font-family: 'Segoe Print'; color: #623f2c;\">Linges pour spa<\/span><\/p>\t\t\t\t\t\t\t\t<\/div>\n\t\t\t\t<\/div>\n\t\t\t\t<div class=\"elementor-element elementor-element-a08ca63 elementor-widget elementor-widget-image\" data-id=\"a08ca63\" data-element_type=\"widget\" data-widget_type=\"image.default\">\n\t\t\t\t<div class=\"elementor-widget-container\">\n\t\t\t\t\t\t\t\t\t\t\t\t\t\t\t<img decoding=\"async\" width=\"768\" height=\"1024\" src=\"https:\/\/www.moulindelagrognette.fr\/wp-content\/uploads\/2025\/04\/Salle-de-bain-Appartement-du-Moulin-768x1024.jpg\" class=\"attachment-large size-large wp-image-485\" alt=\"\" srcset=\"https:\/\/www.moulindelagrognette.fr\/wp-content\/uploads\/2025\/04\/Salle-de-bain-Appartement-du-Moulin-768x1024.jpg 768w, https:\/\/www.moulindelagrognette.fr\/wp-content\/uploads\/2025\/04\/Salle-de-bain-Appartement-du-Moulin-225x300.jpg 225w, https:\/\/www.moulindelagrognette.fr\/wp-content\/uploads\/2025\/04\/Salle-de-bain-Appartement-du-Moulin-1152x1536.jpg 1152w, https:\/\/www.moulindelagrognette.fr\/wp-content\/uploads\/2025\/04\/Salle-de-bain-Appartement-du-Moulin-1536x2048.jpg 1536w, https:\/\/www.moulindelagrognette.fr\/wp-content\/uploads\/2025\/04\/Salle-de-bain-Appartement-du-Moulin-scaled.jpg 1920w\" sizes=\"(max-width: 768px) 100vw, 768px\" \/>\t\t\t\t\t\t\t\t\t\t\t\t\t\t\t<\/div>\n\t\t\t\t<\/div>\n\t\t\t\t<div class=\"elementor-element elementor-element-db53ed5 elementor-widget elementor-widget-image\" data-id=\"db53ed5\" data-element_type=\"widget\" data-widget_type=\"image.default\">\n\t\t\t\t<div class=\"elementor-widget-container\">\n\t\t\t\t\t\t\t\t\t\t\t\t\t\t\t<img loading=\"lazy\" decoding=\"async\" width=\"768\" height=\"1024\" src=\"https:\/\/www.moulindelagrognette.fr\/wp-content\/uploads\/2025\/04\/Cuisine-appartement-du-Moulin-768x1024.jpg\" class=\"attachment-large size-large wp-image-516\" alt=\"\" srcset=\"https:\/\/www.moulindelagrognette.fr\/wp-content\/uploads\/2025\/04\/Cuisine-appartement-du-Moulin-768x1024.jpg 768w, https:\/\/www.moulindelagrognette.fr\/wp-content\/uploads\/2025\/04\/Cuisine-appartement-du-Moulin-225x300.jpg 225w, https:\/\/www.moulindelagrognette.fr\/wp-content\/uploads\/2025\/04\/Cuisine-appartement-du-Moulin-1152x1536.jpg 1152w, https:\/\/www.moulindelagrognette.fr\/wp-content\/uploads\/2025\/04\/Cuisine-appartement-du-Moulin-1536x2048.jpg 1536w, https:\/\/www.moulindelagrognette.fr\/wp-content\/uploads\/2025\/04\/Cuisine-appartement-du-Moulin-scaled.jpg 1920w\" sizes=\"(max-width: 768px) 100vw, 768px\" \/>\t\t\t\t\t\t\t\t\t\t\t\t\t\t\t<\/div>\n\t\t\t\t<\/div>\n\t\t\t\t<\/div>\n\t\t\t\t<\/div>\n\t\t","protected":false},"excerpt":{"rendered":"<p>Appartement du moulin \u00f0\u00a0 Chambre double ou triple \u00f0\u00a0 Petit-d\u00e9jeuner copieux \u00f0\u00a0 Salle de bain priv\u00e9e \u00f0\u00a0 Cuisine agenc\u00e9e \u00f0\u00a0 Chambre \u00e0 l&rsquo;\u00e9tage \u00f0\u00a0 Po\u00eale \u00e0 bois \u00f0\u00a0 Draps et serviette \u00f0\u00a0 S\u00e8che-cheveux \u00f0\u00a0 Linges pour spa<\/p>\n","protected":false},"author":1,"featured_media":0,"parent":0,"menu_order":0,"comment_status":"closed","ping_status":"closed","template":"elementor_header_footer","meta":{"ocean_post_layout":"","ocean_both_sidebars_style":"","ocean_both_sidebars_content_width":0,"ocean_both_sidebars_sidebars_width":0,"ocean_sidebar":"","ocean_second_sidebar":"","ocean_disable_margins":"enable","ocean_add_body_class":"","ocean_shortcode_before_top_bar":"","ocean_shortcode_after_top_bar":"","ocean_shortcode_before_header":"","ocean_shortcode_after_header":"","ocean_has_shortcode":"","ocean_shortcode_after_title":"","ocean_shortcode_before_footer_widgets":"","ocean_shortcode_after_footer_widgets":"","ocean_shortcode_before_footer_bottom":"","ocean_shortcode_after_footer_bottom":"","ocean_display_top_bar":"default","ocean_display_header":"default","ocean_header_style":"","ocean_center_header_left_menu":"","ocean_custom_header_template":"","ocean_custom_logo":0,"ocean_custom_retina_logo":0,"ocean_custom_logo_max_width":0,"ocean_custom_logo_tablet_max_width":0,"ocean_custom_logo_mobile_max_width":0,"ocean_custom_logo_max_height":0,"ocean_custom_logo_tablet_max_height":0,"ocean_custom_logo_mobile_max_height":0,"ocean_header_custom_menu":"","ocean_menu_typo_font_family":"","ocean_menu_typo_font_subset":"","ocean_menu_typo_font_size":0,"ocean_menu_typo_font_size_tablet":0,"ocean_menu_typo_font_size_mobile":0,"ocean_menu_typo_font_size_unit":"px","ocean_menu_typo_font_weight":"","ocean_menu_typo_font_weight_tablet":"","ocean_menu_typo_font_weight_mobile":"","ocean_menu_typo_transform":"","ocean_menu_typo_transform_tablet":"","ocean_menu_typo_transform_mobile":"","ocean_menu_typo_line_height":0,"ocean_menu_typo_line_height_tablet":0,"ocean_menu_typo_line_height_mobile":0,"ocean_menu_typo_line_height_unit":"","ocean_menu_typo_spacing":0,"ocean_menu_typo_spacing_tablet":0,"ocean_menu_typo_spacing_mobile":0,"ocean_menu_typo_spacing_unit":"","ocean_menu_link_color":"","ocean_menu_link_color_hover":"","ocean_menu_link_color_active":"","ocean_menu_link_background":"","ocean_menu_link_hover_background":"","ocean_menu_link_active_background":"","ocean_menu_social_links_bg":"","ocean_menu_social_hover_links_bg":"","ocean_menu_social_links_color":"","ocean_menu_social_hover_links_color":"","ocean_disable_title":"default","ocean_disable_heading":"default","ocean_post_title":"","ocean_post_subheading":"","ocean_post_title_style":"","ocean_post_title_background_color":"","ocean_post_title_background":0,"ocean_post_title_bg_image_position":"","ocean_post_title_bg_image_attachment":"","ocean_post_title_bg_image_repeat":"","ocean_post_title_bg_image_size":"","ocean_post_title_height":0,"ocean_post_title_bg_overlay":0.5,"ocean_post_title_bg_overlay_color":"","ocean_disable_breadcrumbs":"default","ocean_breadcrumbs_color":"","ocean_breadcrumbs_separator_color":"","ocean_breadcrumbs_links_color":"","ocean_breadcrumbs_links_hover_color":"","ocean_display_footer_widgets":"default","ocean_display_footer_bottom":"default","ocean_custom_footer_template":"","footnotes":""},"class_list":["post-460","page","type-page","status-publish","hentry","entry"],"yoast_head":"<!-- This site is optimized with the Yoast SEO plugin v24.3 - https:\/\/yoast.com\/wordpress\/plugins\/seo\/ -->\n<title>Appartement du Moulin - Moulin de la Grognette<\/title>\n<meta name=\"robots\" content=\"index, follow, max-snippet:-1, max-image-preview:large, max-video-preview:-1\" \/>\n<link rel=\"canonical\" href=\"https:\/\/www.moulindelagrognette.fr\/?page_id=460\" \/>\n<meta property=\"og:locale\" content=\"fr_FR\" \/>\n<meta property=\"og:type\" content=\"article\" \/>\n<meta property=\"og:title\" content=\"Appartement du Moulin - Moulin de la Grognette\" \/>\n<meta property=\"og:description\" content=\"Appartement du moulin \u00f0\u00a0 Chambre double ou triple \u00f0\u00a0 Petit-d\u00e9jeuner copieux \u00f0\u00a0 Salle de bain priv\u00e9e \u00f0\u00a0 Cuisine agenc\u00e9e \u00f0\u00a0 Chambre \u00e0 l&rsquo;\u00e9tage \u00f0\u00a0 Po\u00eale \u00e0 bois \u00f0\u00a0 Draps et serviette \u00f0\u00a0 S\u00e8che-cheveux \u00f0\u00a0 Linges pour spa\" \/>\n<meta property=\"og:url\" content=\"https:\/\/www.moulindelagrognette.fr\/?page_id=460\" \/>\n<meta property=\"og:site_name\" content=\"Moulin de la Grognette\" \/>\n<meta property=\"article:modified_time\" content=\"2025-05-23T13:30:06+00:00\" \/>\n<meta property=\"og:image\" content=\"https:\/\/www.moulindelagrognette.fr\/wp-content\/uploads\/2025\/04\/Chambre-appart.-La-Grognette-scaled.jpg\" \/>\n\t<meta property=\"og:image:width\" content=\"2560\" \/>\n\t<meta property=\"og:image:height\" content=\"1920\" \/>\n\t<meta property=\"og:image:type\" content=\"image\/jpeg\" \/>\n<meta name=\"twitter:card\" content=\"summary_large_image\" \/>\n<meta name=\"twitter:label1\" content=\"Dur\u00e9e de lecture estim\u00e9e\" \/>\n\t<meta name=\"twitter:data1\" content=\"1 minute\" \/>\n<script type=\"application\/ld+json\" class=\"yoast-schema-graph\">{\"@context\":\"https:\/\/schema.org\",\"@graph\":[{\"@type\":\"WebPage\",\"@id\":\"https:\/\/www.moulindelagrognette.fr\/?page_id=460\",\"url\":\"https:\/\/www.moulindelagrognette.fr\/?page_id=460\",\"name\":\"Appartement du Moulin - Moulin de la Grognette\",\"isPartOf\":{\"@id\":\"https:\/\/www.moulindelagrognette.fr\/#website\"},\"primaryImageOfPage\":{\"@id\":\"https:\/\/www.moulindelagrognette.fr\/?page_id=460#primaryimage\"},\"image\":{\"@id\":\"https:\/\/www.moulindelagrognette.fr\/?page_id=460#primaryimage\"},\"thumbnailUrl\":\"http:\/\/www.moulindelagrognette.fr\/wp-content\/uploads\/2025\/04\/Chambre-appart.-La-Grognette-1024x768.jpg\",\"datePublished\":\"2025-04-15T21:26:03+00:00\",\"dateModified\":\"2025-05-23T13:30:06+00:00\",\"breadcrumb\":{\"@id\":\"https:\/\/www.moulindelagrognette.fr\/?page_id=460#breadcrumb\"},\"inLanguage\":\"fr-FR\",\"potentialAction\":[{\"@type\":\"ReadAction\",\"target\":[\"https:\/\/www.moulindelagrognette.fr\/?page_id=460\"]}]},{\"@type\":\"ImageObject\",\"inLanguage\":\"fr-FR\",\"@id\":\"https:\/\/www.moulindelagrognette.fr\/?page_id=460#primaryimage\",\"url\":\"https:\/\/www.moulindelagrognette.fr\/wp-content\/uploads\/2025\/04\/Chambre-appart.-La-Grognette-scaled.jpg\",\"contentUrl\":\"https:\/\/www.moulindelagrognette.fr\/wp-content\/uploads\/2025\/04\/Chambre-appart.-La-Grognette-scaled.jpg\",\"width\":2560,\"height\":1920},{\"@type\":\"BreadcrumbList\",\"@id\":\"https:\/\/www.moulindelagrognette.fr\/?page_id=460#breadcrumb\",\"itemListElement\":[{\"@type\":\"ListItem\",\"position\":1,\"name\":\"Accueil\",\"item\":\"https:\/\/www.moulindelagrognette.fr\/\"},{\"@type\":\"ListItem\",\"position\":2,\"name\":\"Appartement du Moulin\"}]},{\"@type\":\"WebSite\",\"@id\":\"https:\/\/www.moulindelagrognette.fr\/#website\",\"url\":\"https:\/\/www.moulindelagrognette.fr\/\",\"name\":\"Moulin de la Grognette\",\"description\":\"\",\"publisher\":{\"@id\":\"https:\/\/www.moulindelagrognette.fr\/#organization\"},\"potentialAction\":[{\"@type\":\"SearchAction\",\"target\":{\"@type\":\"EntryPoint\",\"urlTemplate\":\"https:\/\/www.moulindelagrognette.fr\/?s={search_term_string}\"},\"query-input\":{\"@type\":\"PropertyValueSpecification\",\"valueRequired\":true,\"valueName\":\"search_term_string\"}}],\"inLanguage\":\"fr-FR\"},{\"@type\":\"Organization\",\"@id\":\"https:\/\/www.moulindelagrognette.fr\/#organization\",\"name\":\"Moulin de la Grognette\",\"url\":\"https:\/\/www.moulindelagrognette.fr\/\",\"logo\":{\"@type\":\"ImageObject\",\"inLanguage\":\"fr-FR\",\"@id\":\"https:\/\/www.moulindelagrognette.fr\/#\/schema\/logo\/image\/\",\"url\":\"https:\/\/www.moulindelagrognette.fr\/wp-content\/uploads\/2025\/04\/logo-base.png\",\"contentUrl\":\"https:\/\/www.moulindelagrognette.fr\/wp-content\/uploads\/2025\/04\/logo-base.png\",\"width\":1704,\"height\":1724,\"caption\":\"Moulin de la Grognette\"},\"image\":{\"@id\":\"https:\/\/www.moulindelagrognette.fr\/#\/schema\/logo\/image\/\"}}]}<\/script>\n<!-- \/ Yoast SEO plugin. -->","yoast_head_json":{"title":"Appartement du Moulin - Moulin de la Grognette","robots":{"index":"index","follow":"follow","max-snippet":"max-snippet:-1","max-image-preview":"max-image-preview:large","max-video-preview":"max-video-preview:-1"},"canonical":"https:\/\/www.moulindelagrognette.fr\/?page_id=460","og_locale":"fr_FR","og_type":"article","og_title":"Appartement du Moulin - Moulin de la Grognette","og_description":"Appartement du moulin \u00f0\u00a0 Chambre double ou triple \u00f0\u00a0 Petit-d\u00e9jeuner copieux \u00f0\u00a0 Salle de bain priv\u00e9e \u00f0\u00a0 Cuisine agenc\u00e9e \u00f0\u00a0 Chambre \u00e0 l&rsquo;\u00e9tage \u00f0\u00a0 Po\u00eale \u00e0 bois \u00f0\u00a0 Draps et serviette \u00f0\u00a0 S\u00e8che-cheveux \u00f0\u00a0 Linges pour spa","og_url":"https:\/\/www.moulindelagrognette.fr\/?page_id=460","og_site_name":"Moulin de la Grognette","article_modified_time":"2025-05-23T13:30:06+00:00","og_image":[{"width":2560,"height":1920,"url":"https:\/\/www.moulindelagrognette.fr\/wp-content\/uploads\/2025\/04\/Chambre-appart.-La-Grognette-scaled.jpg","type":"image\/jpeg"}],"twitter_card":"summary_large_image","twitter_misc":{"Dur\u00e9e de lecture estim\u00e9e":"1 minute"},"schema":{"@context":"https:\/\/schema.org","@graph":[{"@type":"WebPage","@id":"https:\/\/www.moulindelagrognette.fr\/?page_id=460","url":"https:\/\/www.moulindelagrognette.fr\/?page_id=460","name":"Appartement du Moulin - Moulin de la Grognette","isPartOf":{"@id":"https:\/\/www.moulindelagrognette.fr\/#website"},"primaryImageOfPage":{"@id":"https:\/\/www.moulindelagrognette.fr\/?page_id=460#primaryimage"},"image":{"@id":"https:\/\/www.moulindelagrognette.fr\/?page_id=460#primaryimage"},"thumbnailUrl":"http:\/\/www.moulindelagrognette.fr\/wp-content\/uploads\/2025\/04\/Chambre-appart.-La-Grognette-1024x768.jpg","datePublished":"2025-04-15T21:26:03+00:00","dateModified":"2025-05-23T13:30:06+00:00","breadcrumb":{"@id":"https:\/\/www.moulindelagrognette.fr\/?page_id=460#breadcrumb"},"inLanguage":"fr-FR","potentialAction":[{"@type":"ReadAction","target":["https:\/\/www.moulindelagrognette.fr\/?page_id=460"]}]},{"@type":"ImageObject","inLanguage":"fr-FR","@id":"https:\/\/www.moulindelagrognette.fr\/?page_id=460#primaryimage","url":"https:\/\/www.moulindelagrognette.fr\/wp-content\/uploads\/2025\/04\/Chambre-appart.-La-Grognette-scaled.jpg","contentUrl":"https:\/\/www.moulindelagrognette.fr\/wp-content\/uploads\/2025\/04\/Chambre-appart.-La-Grognette-scaled.jpg","width":2560,"height":1920},{"@type":"BreadcrumbList","@id":"https:\/\/www.moulindelagrognette.fr\/?page_id=460#breadcrumb","itemListElement":[{"@type":"ListItem","position":1,"name":"Accueil","item":"https:\/\/www.moulindelagrognette.fr\/"},{"@type":"ListItem","position":2,"name":"Appartement du Moulin"}]},{"@type":"WebSite","@id":"https:\/\/www.moulindelagrognette.fr\/#website","url":"https:\/\/www.moulindelagrognette.fr\/","name":"Moulin de la Grognette","description":"","publisher":{"@id":"https:\/\/www.moulindelagrognette.fr\/#organization"},"potentialAction":[{"@type":"SearchAction","target":{"@type":"EntryPoint","urlTemplate":"https:\/\/www.moulindelagrognette.fr\/?s={search_term_string}"},"query-input":{"@type":"PropertyValueSpecification","valueRequired":true,"valueName":"search_term_string"}}],"inLanguage":"fr-FR"},{"@type":"Organization","@id":"https:\/\/www.moulindelagrognette.fr\/#organization","name":"Moulin de la Grognette","url":"https:\/\/www.moulindelagrognette.fr\/","logo":{"@type":"ImageObject","inLanguage":"fr-FR","@id":"https:\/\/www.moulindelagrognette.fr\/#\/schema\/logo\/image\/","url":"https:\/\/www.moulindelagrognette.fr\/wp-content\/uploads\/2025\/04\/logo-base.png","contentUrl":"https:\/\/www.moulindelagrognette.fr\/wp-content\/uploads\/2025\/04\/logo-base.png","width":1704,"height":1724,"caption":"Moulin de la Grognette"},"image":{"@id":"https:\/\/www.moulindelagrognette.fr\/#\/schema\/logo\/image\/"}}]}},"_links":{"self":[{"href":"https:\/\/www.moulindelagrognette.fr\/index.php?rest_route=\/wp\/v2\/pages\/460","targetHints":{"allow":["GET"]}}],"collection":[{"href":"https:\/\/www.moulindelagrognette.fr\/index.php?rest_route=\/wp\/v2\/pages"}],"about":[{"href":"https:\/\/www.moulindelagrognette.fr\/index.php?rest_route=\/wp\/v2\/types\/page"}],"author":[{"embeddable":true,"href":"https:\/\/www.moulindelagrognette.fr\/index.php?rest_route=\/wp\/v2\/users\/1"}],"replies":[{"embeddable":true,"href":"https:\/\/www.moulindelagrognette.fr\/index.php?rest_route=%2Fwp%2Fv2%2Fcomments&post=460"}],"version-history":[{"count":46,"href":"https:\/\/www.moulindelagrognette.fr\/index.php?rest_route=\/wp\/v2\/pages\/460\/revisions"}],"predecessor-version":[{"id":729,"href":"https:\/\/www.moulindelagrognette.fr\/index.php?rest_route=\/wp\/v2\/pages\/460\/revisions\/729"}],"wp:attachment":[{"href":"https:\/\/www.moulindelagrognette.fr\/index.php?rest_route=%2Fwp%2Fv2%2Fmedia&parent=460"}],"curies":[{"name":"wp","href":"https:\/\/api.w.org\/{rel}","templated":true}]}}