{"id":470,"date":"2025-04-15T23:31:16","date_gmt":"2025-04-15T21:31:16","guid":{"rendered":"https:\/\/www.moulindelagrognette.fr\/?page_id=470"},"modified":"2025-04-23T15:44:22","modified_gmt":"2025-04-23T13:44:22","slug":"chambre-du-moulin","status":"publish","type":"page","link":"https:\/\/www.moulindelagrognette.fr\/?page_id=470","title":{"rendered":"La chambre du Moulin"},"content":{"rendered":"\t\t<div data-elementor-type=\"wp-page\" data-elementor-id=\"470\" class=\"elementor elementor-470\">\n\t\t\t\t<div class=\"elementor-element elementor-element-31a9e05 e-grid e-con-boxed e-con e-parent\" data-id=\"31a9e05\" data-element_type=\"container\">\n\t\t\t\t\t<div class=\"e-con-inner\">\n\t\t\t\t<div class=\"elementor-element elementor-element-bbca41f elementor-widget elementor-widget-image\" data-id=\"bbca41f\" data-element_type=\"widget\" data-widget_type=\"image.default\">\n\t\t\t\t<div class=\"elementor-widget-container\">\n\t\t\t\t\t\t\t\t\t\t\t\t\t\t\t<img fetchpriority=\"high\" decoding=\"async\" width=\"1024\" height=\"768\" src=\"https:\/\/www.moulindelagrognette.fr\/wp-content\/uploads\/2025\/04\/Chambre-du-Moulin-Lit-Double-1024x768.jpg\" class=\"attachment-large size-large wp-image-537\" alt=\"\" srcset=\"https:\/\/www.moulindelagrognette.fr\/wp-content\/uploads\/2025\/04\/Chambre-du-Moulin-Lit-Double-1024x768.jpg 1024w, https:\/\/www.moulindelagrognette.fr\/wp-content\/uploads\/2025\/04\/Chambre-du-Moulin-Lit-Double-300x225.jpg 300w, https:\/\/www.moulindelagrognette.fr\/wp-content\/uploads\/2025\/04\/Chambre-du-Moulin-Lit-Double-768x576.jpg 768w, https:\/\/www.moulindelagrognette.fr\/wp-content\/uploads\/2025\/04\/Chambre-du-Moulin-Lit-Double-1536x1152.jpg 1536w, https:\/\/www.moulindelagrognette.fr\/wp-content\/uploads\/2025\/04\/Chambre-du-Moulin-Lit-Double.jpg 1600w\" sizes=\"(max-width: 1024px) 100vw, 1024px\" \/>\t\t\t\t\t\t\t\t\t\t\t\t\t\t\t<\/div>\n\t\t\t\t<\/div>\n\t\t\t\t<div class=\"elementor-element elementor-element-3677df9 elementor-widget elementor-widget-text-editor\" data-id=\"3677df9\" data-element_type=\"widget\" data-widget_type=\"text-editor.default\">\n\t\t\t\t<div class=\"elementor-widget-container\">\n\t\t\t\t\t\t\t\t\t<p class=\"MsoNormal\"><b><span style=\"font-size: 14.0pt; line-height: 107%; font-family: 'Segoe Print'; color: #623f2c;\">La chambre du moulin<\/span><\/b><\/p>\n<p class=\"MsoListParagraphCxSpFirst\" style=\"text-indent: -18.0pt; mso-list: l0 level1 lfo1;\"><!-- [if !supportLists]--><span style=\"font-family: Wingdings; mso-fareast-font-family: Wingdings; mso-bidi-font-family: Wingdings; color: #623f2c;\">\u00f0<span style=\"font: 7.0pt 'Times New Roman';\">&nbsp; <\/span><\/span><!--[endif]--><span style=\"font-family: 'Segoe Print'; color: #623f2c;\">Chambre double&nbsp;<\/span><\/p>\n<p class=\"MsoListParagraphCxSpMiddle\" style=\"text-indent: -18.0pt; mso-list: l0 level1 lfo1;\"><!-- [if !supportLists]--><span style=\"font-family: Wingdings; mso-fareast-font-family: Wingdings; mso-bidi-font-family: Wingdings; color: #623f2c;\">\u00f0<span style=\"font: 7.0pt 'Times New Roman';\">&nbsp; <\/span><\/span><!--[endif]--><span style=\"font-family: 'Segoe Print'; color: #623f2c;\">Petit-d\u00e9jeuner copieux<\/span><\/p>\n<p class=\"MsoListParagraphCxSpMiddle\" style=\"text-indent: -18.0pt; mso-list: l0 level1 lfo1;\"><!-- [if !supportLists]--><span style=\"font-family: Wingdings; mso-fareast-font-family: Wingdings; mso-bidi-font-family: Wingdings; color: #623f2c;\">\u00f0<span style=\"font: 7.0pt 'Times New Roman';\">&nbsp; <\/span><\/span><!--[endif]--><span style=\"font-family: 'Segoe Print'; color: #623f2c;\">Escalier<\/span><\/p>\n<p class=\"MsoListParagraphCxSpMiddle\" style=\"text-indent: -18.0pt; mso-list: l0 level1 lfo1;\"><!-- [if !supportLists]--><span style=\"font-family: Wingdings; mso-fareast-font-family: Wingdings; mso-bidi-font-family: Wingdings; color: #623f2c;\">\u00f0<span style=\"font: 7.0pt 'Times New Roman';\">&nbsp; <\/span><\/span><!--[endif]--><span style=\"font-family: 'Segoe Print'; color: #623f2c;\">Salle de bains priv\u00e9e<\/span><\/p>\n<p class=\"MsoListParagraphCxSpMiddle\" style=\"text-indent: -18.0pt; mso-list: l0 level1 lfo1;\"><!-- [if !supportLists]--><span style=\"font-family: Wingdings; mso-fareast-font-family: Wingdings; mso-bidi-font-family: Wingdings; color: #623f2c;\">\u00f0<span style=\"font: 7.0pt 'Times New Roman';\">&nbsp; <\/span><\/span><!--[endif]--><span style=\"font-family: 'Segoe Print'; color: #623f2c;\">Draps et serviettes<\/span><\/p>\n<p class=\"MsoListParagraphCxSpMiddle\" style=\"text-indent: -18.0pt; mso-list: l0 level1 lfo1;\"><!-- [if !supportLists]--><span style=\"font-family: Wingdings; mso-fareast-font-family: Wingdings; mso-bidi-font-family: Wingdings; color: #623f2c;\">\u00f0<span style=\"font: 7.0pt 'Times New Roman';\">&nbsp; <\/span><\/span><!--[endif]--><span style=\"font-family: 'Segoe Print'; color: #623f2c;\">S\u00e8che-cheveux<\/span><\/p>\n<p><\/p>\n<p class=\"MsoListParagraphCxSpLast\" style=\"text-indent: -18.0pt; mso-list: l0 level1 lfo1;\"><!-- [if !supportLists]--><span style=\"font-family: Wingdings; mso-fareast-font-family: Wingdings; mso-bidi-font-family: Wingdings; color: #623f2c;\">\u00f0<span style=\"font: 7.0pt 'Times New Roman';\">&nbsp; <\/span><\/span><!--[endif]--><span style=\"font-family: 'Segoe Print'; color: #623f2c;\">Linges pour spa<\/span><\/p>\t\t\t\t\t\t\t\t<\/div>\n\t\t\t\t<\/div>\n\t\t\t\t<div class=\"elementor-element elementor-element-16f627b elementor-widget elementor-widget-image\" data-id=\"16f627b\" data-element_type=\"widget\" data-widget_type=\"image.default\">\n\t\t\t\t<div class=\"elementor-widget-container\">\n\t\t\t\t\t\t\t\t\t\t\t\t\t\t\t<img decoding=\"async\" width=\"768\" height=\"1024\" src=\"https:\/\/www.moulindelagrognette.fr\/wp-content\/uploads\/2025\/04\/Entree-Chambre-du-Moulin-768x1024.jpg\" class=\"attachment-large size-large wp-image-538\" alt=\"\" srcset=\"https:\/\/www.moulindelagrognette.fr\/wp-content\/uploads\/2025\/04\/Entree-Chambre-du-Moulin-768x1024.jpg 768w, https:\/\/www.moulindelagrognette.fr\/wp-content\/uploads\/2025\/04\/Entree-Chambre-du-Moulin-225x300.jpg 225w, https:\/\/www.moulindelagrognette.fr\/wp-content\/uploads\/2025\/04\/Entree-Chambre-du-Moulin-1152x1536.jpg 1152w, https:\/\/www.moulindelagrognette.fr\/wp-content\/uploads\/2025\/04\/Entree-Chambre-du-Moulin.jpg 1200w\" sizes=\"(max-width: 768px) 100vw, 768px\" \/>\t\t\t\t\t\t\t\t\t\t\t\t\t\t\t<\/div>\n\t\t\t\t<\/div>\n\t\t\t\t<div class=\"elementor-element elementor-element-7fe6d5e elementor-widget elementor-widget-image\" data-id=\"7fe6d5e\" data-element_type=\"widget\" data-widget_type=\"image.default\">\n\t\t\t\t<div class=\"elementor-widget-container\">\n\t\t\t\t\t\t\t\t\t\t\t\t\t\t\t<img decoding=\"async\" width=\"768\" height=\"1024\" src=\"https:\/\/www.moulindelagrognette.fr\/wp-content\/uploads\/2025\/04\/Salle-de-bain-Chambre-du-Moulin-768x1024.jpg\" class=\"attachment-large size-large wp-image-539\" alt=\"\" srcset=\"https:\/\/www.moulindelagrognette.fr\/wp-content\/uploads\/2025\/04\/Salle-de-bain-Chambre-du-Moulin-768x1024.jpg 768w, https:\/\/www.moulindelagrognette.fr\/wp-content\/uploads\/2025\/04\/Salle-de-bain-Chambre-du-Moulin-225x300.jpg 225w, https:\/\/www.moulindelagrognette.fr\/wp-content\/uploads\/2025\/04\/Salle-de-bain-Chambre-du-Moulin-1152x1536.jpg 1152w, https:\/\/www.moulindelagrognette.fr\/wp-content\/uploads\/2025\/04\/Salle-de-bain-Chambre-du-Moulin.jpg 1200w\" sizes=\"(max-width: 768px) 100vw, 768px\" \/>\t\t\t\t\t\t\t\t\t\t\t\t\t\t\t<\/div>\n\t\t\t\t<\/div>\n\t\t<div class=\"elementor-element elementor-element-6d22e78 e-con-full e-flex e-con e-child\" data-id=\"6d22e78\" data-element_type=\"container\">\n\t\t\t\t<\/div>\n\t\t\t\t<div class=\"elementor-element elementor-element-830459e elementor-widget elementor-widget-image\" data-id=\"830459e\" data-element_type=\"widget\" data-widget_type=\"image.default\">\n\t\t\t\t<div class=\"elementor-widget-container\">\n\t\t\t\t\t\t\t\t\t\t\t\t\t\t\t<img loading=\"lazy\" decoding=\"async\" width=\"768\" height=\"1024\" src=\"https:\/\/www.moulindelagrognette.fr\/wp-content\/uploads\/2025\/04\/20250313_210828-768x1024.jpg\" class=\"attachment-large size-large wp-image-638\" alt=\"\" srcset=\"https:\/\/www.moulindelagrognette.fr\/wp-content\/uploads\/2025\/04\/20250313_210828-768x1024.jpg 768w, https:\/\/www.moulindelagrognette.fr\/wp-content\/uploads\/2025\/04\/20250313_210828-225x300.jpg 225w, https:\/\/www.moulindelagrognette.fr\/wp-content\/uploads\/2025\/04\/20250313_210828-1152x1536.jpg 1152w, https:\/\/www.moulindelagrognette.fr\/wp-content\/uploads\/2025\/04\/20250313_210828-1536x2048.jpg 1536w, https:\/\/www.moulindelagrognette.fr\/wp-content\/uploads\/2025\/04\/20250313_210828-scaled.jpg 1920w\" sizes=\"(max-width: 768px) 100vw, 768px\" \/>\t\t\t\t\t\t\t\t\t\t\t\t\t\t\t<\/div>\n\t\t\t\t<\/div>\n\t\t\t\t\t<\/div>\n\t\t\t\t<\/div>\n\t\t\t\t<\/div>\n\t\t","protected":false},"excerpt":{"rendered":"<p>La chambre du moulin \u00f0&nbsp; Chambre double&nbsp; \u00f0&nbsp; Petit-d\u00e9jeuner copieux \u00f0&nbsp; Escalier \u00f0&nbsp; Salle de bains priv\u00e9e \u00f0&nbsp; Draps et serviettes \u00f0&nbsp; S\u00e8che-cheveux \u00f0&nbsp; Linges pour spa<\/p>\n","protected":false},"author":1,"featured_media":0,"parent":0,"menu_order":0,"comment_status":"closed","ping_status":"closed","template":"elementor_header_footer","meta":{"ocean_post_layout":"","ocean_both_sidebars_style":"","ocean_both_sidebars_content_width":0,"ocean_both_sidebars_sidebars_width":0,"ocean_sidebar":"","ocean_second_sidebar":"","ocean_disable_margins":"enable","ocean_add_body_class":"","ocean_shortcode_before_top_bar":"","ocean_shortcode_after_top_bar":"","ocean_shortcode_before_header":"","ocean_shortcode_after_header":"","ocean_has_shortcode":"","ocean_shortcode_after_title":"","ocean_shortcode_before_footer_widgets":"","ocean_shortcode_after_footer_widgets":"","ocean_shortcode_before_footer_bottom":"","ocean_shortcode_after_footer_bottom":"","ocean_display_top_bar":"default","ocean_display_header":"default","ocean_header_style":"","ocean_center_header_left_menu":"","ocean_custom_header_template":"","ocean_custom_logo":0,"ocean_custom_retina_logo":0,"ocean_custom_logo_max_width":0,"ocean_custom_logo_tablet_max_width":0,"ocean_custom_logo_mobile_max_width":0,"ocean_custom_logo_max_height":0,"ocean_custom_logo_tablet_max_height":0,"ocean_custom_logo_mobile_max_height":0,"ocean_header_custom_menu":"","ocean_menu_typo_font_family":"","ocean_menu_typo_font_subset":"","ocean_menu_typo_font_size":0,"ocean_menu_typo_font_size_tablet":0,"ocean_menu_typo_font_size_mobile":0,"ocean_menu_typo_font_size_unit":"px","ocean_menu_typo_font_weight":"","ocean_menu_typo_font_weight_tablet":"","ocean_menu_typo_font_weight_mobile":"","ocean_menu_typo_transform":"","ocean_menu_typo_transform_tablet":"","ocean_menu_typo_transform_mobile":"","ocean_menu_typo_line_height":0,"ocean_menu_typo_line_height_tablet":0,"ocean_menu_typo_line_height_mobile":0,"ocean_menu_typo_line_height_unit":"","ocean_menu_typo_spacing":0,"ocean_menu_typo_spacing_tablet":0,"ocean_menu_typo_spacing_mobile":0,"ocean_menu_typo_spacing_unit":"","ocean_menu_link_color":"","ocean_menu_link_color_hover":"","ocean_menu_link_color_active":"","ocean_menu_link_background":"","ocean_menu_link_hover_background":"","ocean_menu_link_active_background":"","ocean_menu_social_links_bg":"","ocean_menu_social_hover_links_bg":"","ocean_menu_social_links_color":"","ocean_menu_social_hover_links_color":"","ocean_disable_title":"default","ocean_disable_heading":"default","ocean_post_title":"","ocean_post_subheading":"","ocean_post_title_style":"","ocean_post_title_background_color":"","ocean_post_title_background":0,"ocean_post_title_bg_image_position":"","ocean_post_title_bg_image_attachment":"","ocean_post_title_bg_image_repeat":"","ocean_post_title_bg_image_size":"","ocean_post_title_height":0,"ocean_post_title_bg_overlay":0.5,"ocean_post_title_bg_overlay_color":"","ocean_disable_breadcrumbs":"default","ocean_breadcrumbs_color":"","ocean_breadcrumbs_separator_color":"","ocean_breadcrumbs_links_color":"","ocean_breadcrumbs_links_hover_color":"","ocean_display_footer_widgets":"default","ocean_display_footer_bottom":"default","ocean_custom_footer_template":"","footnotes":""},"class_list":["post-470","page","type-page","status-publish","hentry","entry"],"yoast_head":"<!-- This site is optimized with the Yoast SEO plugin v24.3 - https:\/\/yoast.com\/wordpress\/plugins\/seo\/ -->\n<title>La chambre du Moulin - Moulin de la Grognette<\/title>\n<meta name=\"robots\" content=\"index, follow, max-snippet:-1, max-image-preview:large, max-video-preview:-1\" \/>\n<link rel=\"canonical\" href=\"https:\/\/www.moulindelagrognette.fr\/?page_id=470\" \/>\n<meta property=\"og:locale\" content=\"fr_FR\" \/>\n<meta property=\"og:type\" content=\"article\" \/>\n<meta property=\"og:title\" content=\"La chambre du Moulin - Moulin de la Grognette\" \/>\n<meta property=\"og:description\" content=\"La chambre du moulin \u00f0&nbsp; Chambre double&nbsp; \u00f0&nbsp; Petit-d\u00e9jeuner copieux \u00f0&nbsp; Escalier \u00f0&nbsp; Salle de bains priv\u00e9e \u00f0&nbsp; Draps et serviettes \u00f0&nbsp; S\u00e8che-cheveux \u00f0&nbsp; Linges pour spa\" \/>\n<meta property=\"og:url\" content=\"https:\/\/www.moulindelagrognette.fr\/?page_id=470\" \/>\n<meta property=\"og:site_name\" content=\"Moulin de la Grognette\" \/>\n<meta property=\"article:modified_time\" content=\"2025-04-23T13:44:22+00:00\" \/>\n<meta property=\"og:image\" content=\"https:\/\/www.moulindelagrognette.fr\/wp-content\/uploads\/2025\/04\/Chambre-du-Moulin-Lit-Double.jpg\" \/>\n\t<meta property=\"og:image:width\" content=\"1600\" \/>\n\t<meta property=\"og:image:height\" content=\"1200\" \/>\n\t<meta property=\"og:image:type\" content=\"image\/jpeg\" \/>\n<meta name=\"twitter:card\" content=\"summary_large_image\" \/>\n<meta name=\"twitter:label1\" content=\"Dur\u00e9e de lecture estim\u00e9e\" \/>\n\t<meta name=\"twitter:data1\" content=\"1 minute\" \/>\n<script type=\"application\/ld+json\" class=\"yoast-schema-graph\">{\"@context\":\"https:\/\/schema.org\",\"@graph\":[{\"@type\":\"WebPage\",\"@id\":\"https:\/\/www.moulindelagrognette.fr\/?page_id=470\",\"url\":\"https:\/\/www.moulindelagrognette.fr\/?page_id=470\",\"name\":\"La chambre du Moulin - Moulin de la Grognette\",\"isPartOf\":{\"@id\":\"https:\/\/www.moulindelagrognette.fr\/#website\"},\"primaryImageOfPage\":{\"@id\":\"https:\/\/www.moulindelagrognette.fr\/?page_id=470#primaryimage\"},\"image\":{\"@id\":\"https:\/\/www.moulindelagrognette.fr\/?page_id=470#primaryimage\"},\"thumbnailUrl\":\"http:\/\/www.moulindelagrognette.fr\/wp-content\/uploads\/2025\/04\/Chambre-du-Moulin-Lit-Double-1024x768.jpg\",\"datePublished\":\"2025-04-15T21:31:16+00:00\",\"dateModified\":\"2025-04-23T13:44:22+00:00\",\"breadcrumb\":{\"@id\":\"https:\/\/www.moulindelagrognette.fr\/?page_id=470#breadcrumb\"},\"inLanguage\":\"fr-FR\",\"potentialAction\":[{\"@type\":\"ReadAction\",\"target\":[\"https:\/\/www.moulindelagrognette.fr\/?page_id=470\"]}]},{\"@type\":\"ImageObject\",\"inLanguage\":\"fr-FR\",\"@id\":\"https:\/\/www.moulindelagrognette.fr\/?page_id=470#primaryimage\",\"url\":\"https:\/\/www.moulindelagrognette.fr\/wp-content\/uploads\/2025\/04\/Chambre-du-Moulin-Lit-Double.jpg\",\"contentUrl\":\"https:\/\/www.moulindelagrognette.fr\/wp-content\/uploads\/2025\/04\/Chambre-du-Moulin-Lit-Double.jpg\",\"width\":1600,\"height\":1200},{\"@type\":\"BreadcrumbList\",\"@id\":\"https:\/\/www.moulindelagrognette.fr\/?page_id=470#breadcrumb\",\"itemListElement\":[{\"@type\":\"ListItem\",\"position\":1,\"name\":\"Accueil\",\"item\":\"https:\/\/www.moulindelagrognette.fr\/\"},{\"@type\":\"ListItem\",\"position\":2,\"name\":\"La chambre du Moulin\"}]},{\"@type\":\"WebSite\",\"@id\":\"https:\/\/www.moulindelagrognette.fr\/#website\",\"url\":\"https:\/\/www.moulindelagrognette.fr\/\",\"name\":\"Moulin de la Grognette\",\"description\":\"\",\"publisher\":{\"@id\":\"https:\/\/www.moulindelagrognette.fr\/#organization\"},\"potentialAction\":[{\"@type\":\"SearchAction\",\"target\":{\"@type\":\"EntryPoint\",\"urlTemplate\":\"https:\/\/www.moulindelagrognette.fr\/?s={search_term_string}\"},\"query-input\":{\"@type\":\"PropertyValueSpecification\",\"valueRequired\":true,\"valueName\":\"search_term_string\"}}],\"inLanguage\":\"fr-FR\"},{\"@type\":\"Organization\",\"@id\":\"https:\/\/www.moulindelagrognette.fr\/#organization\",\"name\":\"Moulin de la Grognette\",\"url\":\"https:\/\/www.moulindelagrognette.fr\/\",\"logo\":{\"@type\":\"ImageObject\",\"inLanguage\":\"fr-FR\",\"@id\":\"https:\/\/www.moulindelagrognette.fr\/#\/schema\/logo\/image\/\",\"url\":\"https:\/\/www.moulindelagrognette.fr\/wp-content\/uploads\/2025\/04\/logo-base.png\",\"contentUrl\":\"https:\/\/www.moulindelagrognette.fr\/wp-content\/uploads\/2025\/04\/logo-base.png\",\"width\":1704,\"height\":1724,\"caption\":\"Moulin de la Grognette\"},\"image\":{\"@id\":\"https:\/\/www.moulindelagrognette.fr\/#\/schema\/logo\/image\/\"}}]}<\/script>\n<!-- \/ Yoast SEO plugin. -->","yoast_head_json":{"title":"La chambre du Moulin - Moulin de la Grognette","robots":{"index":"index","follow":"follow","max-snippet":"max-snippet:-1","max-image-preview":"max-image-preview:large","max-video-preview":"max-video-preview:-1"},"canonical":"https:\/\/www.moulindelagrognette.fr\/?page_id=470","og_locale":"fr_FR","og_type":"article","og_title":"La chambre du Moulin - Moulin de la Grognette","og_description":"La chambre du moulin \u00f0&nbsp; Chambre double&nbsp; \u00f0&nbsp; Petit-d\u00e9jeuner copieux \u00f0&nbsp; Escalier \u00f0&nbsp; Salle de bains priv\u00e9e \u00f0&nbsp; Draps et serviettes \u00f0&nbsp; S\u00e8che-cheveux \u00f0&nbsp; Linges pour spa","og_url":"https:\/\/www.moulindelagrognette.fr\/?page_id=470","og_site_name":"Moulin de la Grognette","article_modified_time":"2025-04-23T13:44:22+00:00","og_image":[{"width":1600,"height":1200,"url":"https:\/\/www.moulindelagrognette.fr\/wp-content\/uploads\/2025\/04\/Chambre-du-Moulin-Lit-Double.jpg","type":"image\/jpeg"}],"twitter_card":"summary_large_image","twitter_misc":{"Dur\u00e9e de lecture estim\u00e9e":"1 minute"},"schema":{"@context":"https:\/\/schema.org","@graph":[{"@type":"WebPage","@id":"https:\/\/www.moulindelagrognette.fr\/?page_id=470","url":"https:\/\/www.moulindelagrognette.fr\/?page_id=470","name":"La chambre du Moulin - Moulin de la Grognette","isPartOf":{"@id":"https:\/\/www.moulindelagrognette.fr\/#website"},"primaryImageOfPage":{"@id":"https:\/\/www.moulindelagrognette.fr\/?page_id=470#primaryimage"},"image":{"@id":"https:\/\/www.moulindelagrognette.fr\/?page_id=470#primaryimage"},"thumbnailUrl":"http:\/\/www.moulindelagrognette.fr\/wp-content\/uploads\/2025\/04\/Chambre-du-Moulin-Lit-Double-1024x768.jpg","datePublished":"2025-04-15T21:31:16+00:00","dateModified":"2025-04-23T13:44:22+00:00","breadcrumb":{"@id":"https:\/\/www.moulindelagrognette.fr\/?page_id=470#breadcrumb"},"inLanguage":"fr-FR","potentialAction":[{"@type":"ReadAction","target":["https:\/\/www.moulindelagrognette.fr\/?page_id=470"]}]},{"@type":"ImageObject","inLanguage":"fr-FR","@id":"https:\/\/www.moulindelagrognette.fr\/?page_id=470#primaryimage","url":"https:\/\/www.moulindelagrognette.fr\/wp-content\/uploads\/2025\/04\/Chambre-du-Moulin-Lit-Double.jpg","contentUrl":"https:\/\/www.moulindelagrognette.fr\/wp-content\/uploads\/2025\/04\/Chambre-du-Moulin-Lit-Double.jpg","width":1600,"height":1200},{"@type":"BreadcrumbList","@id":"https:\/\/www.moulindelagrognette.fr\/?page_id=470#breadcrumb","itemListElement":[{"@type":"ListItem","position":1,"name":"Accueil","item":"https:\/\/www.moulindelagrognette.fr\/"},{"@type":"ListItem","position":2,"name":"La chambre du Moulin"}]},{"@type":"WebSite","@id":"https:\/\/www.moulindelagrognette.fr\/#website","url":"https:\/\/www.moulindelagrognette.fr\/","name":"Moulin de la Grognette","description":"","publisher":{"@id":"https:\/\/www.moulindelagrognette.fr\/#organization"},"potentialAction":[{"@type":"SearchAction","target":{"@type":"EntryPoint","urlTemplate":"https:\/\/www.moulindelagrognette.fr\/?s={search_term_string}"},"query-input":{"@type":"PropertyValueSpecification","valueRequired":true,"valueName":"search_term_string"}}],"inLanguage":"fr-FR"},{"@type":"Organization","@id":"https:\/\/www.moulindelagrognette.fr\/#organization","name":"Moulin de la Grognette","url":"https:\/\/www.moulindelagrognette.fr\/","logo":{"@type":"ImageObject","inLanguage":"fr-FR","@id":"https:\/\/www.moulindelagrognette.fr\/#\/schema\/logo\/image\/","url":"https:\/\/www.moulindelagrognette.fr\/wp-content\/uploads\/2025\/04\/logo-base.png","contentUrl":"https:\/\/www.moulindelagrognette.fr\/wp-content\/uploads\/2025\/04\/logo-base.png","width":1704,"height":1724,"caption":"Moulin de la Grognette"},"image":{"@id":"https:\/\/www.moulindelagrognette.fr\/#\/schema\/logo\/image\/"}}]}},"_links":{"self":[{"href":"https:\/\/www.moulindelagrognette.fr\/index.php?rest_route=\/wp\/v2\/pages\/470","targetHints":{"allow":["GET"]}}],"collection":[{"href":"https:\/\/www.moulindelagrognette.fr\/index.php?rest_route=\/wp\/v2\/pages"}],"about":[{"href":"https:\/\/www.moulindelagrognette.fr\/index.php?rest_route=\/wp\/v2\/types\/page"}],"author":[{"embeddable":true,"href":"https:\/\/www.moulindelagrognette.fr\/index.php?rest_route=\/wp\/v2\/users\/1"}],"replies":[{"embeddable":true,"href":"https:\/\/www.moulindelagrognette.fr\/index.php?rest_route=%2Fwp%2Fv2%2Fcomments&post=470"}],"version-history":[{"count":32,"href":"https:\/\/www.moulindelagrognette.fr\/index.php?rest_route=\/wp\/v2\/pages\/470\/revisions"}],"predecessor-version":[{"id":679,"href":"https:\/\/www.moulindelagrognette.fr\/index.php?rest_route=\/wp\/v2\/pages\/470\/revisions\/679"}],"wp:attachment":[{"href":"https:\/\/www.moulindelagrognette.fr\/index.php?rest_route=%2Fwp%2Fv2%2Fmedia&parent=470"}],"curies":[{"name":"wp","href":"https:\/\/api.w.org\/{rel}","templated":true}]}}