{"id":547,"date":"2025-04-18T10:40:52","date_gmt":"2025-04-18T08:40:52","guid":{"rendered":"https:\/\/www.moulindelagrognette.fr\/?page_id=547"},"modified":"2025-05-23T15:48:17","modified_gmt":"2025-05-23T13:48:17","slug":"les-exterieurs-du-moulin","status":"publish","type":"page","link":"https:\/\/www.moulindelagrognette.fr\/?page_id=547","title":{"rendered":"Les ext\u00e9rieurs du moulin"},"content":{"rendered":"\t\t<div data-elementor-type=\"wp-page\" data-elementor-id=\"547\" class=\"elementor elementor-547\">\n\t\t\t\t<div class=\"elementor-element elementor-element-3ff474e e-flex e-con-boxed e-con e-parent\" data-id=\"3ff474e\" data-element_type=\"container\">\n\t\t\t\t\t<div class=\"e-con-inner\">\n\t\t\t\t<div class=\"elementor-element elementor-element-317c7e6 elementor-widget elementor-widget-text-editor\" data-id=\"317c7e6\" data-element_type=\"widget\" data-widget_type=\"text-editor.default\">\n\t\t\t\t<div class=\"elementor-widget-container\">\n\t\t\t\t\t\t\t\t\t<p>Un lieu hors du temps, entre nature et authenticit\u00e9&#8230;..un coin de paradis \u00e0 partager!<\/p>\n<p>Il y a quelques ann\u00e9es, nous avons eu un vrai coup de foudre pour ce lieu, un ancien moulin<br>entour\u00e9 de nature, avec un \u00e9tang paisible, des arbres majestueux et une atmosph\u00e8re hors du temps.<br>De ce &nbsp;coup de coeur est n\u00e9 un nouveau projet de vie : cr\u00e9er des chambres d&rsquo;h\u00f4tes o\u00f9 l&rsquo;on se sent<br>bien&nbsp;,&nbsp;o\u00f9&nbsp;l&rsquo;on&nbsp;peut&nbsp;se&nbsp;d\u00e9tendre,&nbsp;respirer&nbsp;et&nbsp;simplement&nbsp;profiter.<\/p>\n<p>R\u00e9nov\u00e9es avec soin et respect au plus pr\u00e8s de la nature, nos chambres vous accueillent dans<br>un cadre authentique et chaleureux. Ici vous pourrez vous promener autour de l&rsquo;\u00e9tang, faire du<br>paddle, du kayak, de la p\u00eache, vous relaxer dans le bain nordique ou le sauna et m\u00eame vous offrir un moment rien que pour vous&nbsp; avec <strong><a href=\"https:\/\/www.reflexobea.fr\/\">un massage, une r\u00e9flexologie ou une s\u00e9ance de yoga<\/a><\/strong>, et surtout&nbsp;d\u00e9connecter&#8230;.<\/p>\n<p>Le domaine est id\u00e9alement situ\u00e9, \u00e0 proximit\u00e9 de grandes villes pour vos envies de sorties ou de<br>visites.<br>Et bien s\u00fbr, la Bourgogne vous attend avec ses sp\u00e9cialit\u00e9s culinaires et ses bons vins.<\/p>\n<p>Ce lieu, on ne pouvait pas le garder que pour nous, Alors on a d\u00e9cid\u00e9 de le partager.<\/p>\n<p>En amoureux, en solo, entre amis ou en petit groupe, chacun trouve sa place Au Moulin de la Grognette<br>Amateurs de sport cycliste, passionn\u00e9s de nature, r\u00eaveurs ou gourmands, tout le monde est le bienvenu.<\/p>\t\t\t\t\t\t\t\t<\/div>\n\t\t\t\t<\/div>\n\t\t\t\t<div class=\"elementor-element elementor-element-4f1a937 elementor-arrows-position-inside elementor-pagination-position-outside elementor-widget elementor-widget-image-carousel\" data-id=\"4f1a937\" data-element_type=\"widget\" data-settings=\"{&quot;slides_to_show&quot;:&quot;3&quot;,&quot;slides_to_scroll&quot;:&quot;3&quot;,&quot;image_spacing_custom&quot;:{&quot;unit&quot;:&quot;px&quot;,&quot;size&quot;:18,&quot;sizes&quot;:[]},&quot;navigation&quot;:&quot;both&quot;,&quot;autoplay&quot;:&quot;yes&quot;,&quot;autoplay_speed&quot;:5000,&quot;infinite&quot;:&quot;yes&quot;,&quot;speed&quot;:500,&quot;image_spacing_custom_tablet&quot;:{&quot;unit&quot;:&quot;px&quot;,&quot;size&quot;:&quot;&quot;,&quot;sizes&quot;:[]},&quot;image_spacing_custom_mobile&quot;:{&quot;unit&quot;:&quot;px&quot;,&quot;size&quot;:&quot;&quot;,&quot;sizes&quot;:[]}}\" data-widget_type=\"image-carousel.default\">\n\t\t\t\t<div class=\"elementor-widget-container\">\n\t\t\t\t\t\t\t<div class=\"elementor-image-carousel-wrapper swiper\" role=\"region\" aria-roledescription=\"carousel\" aria-label=\"Carrousel d\u2019images\" dir=\"ltr\">\n\t\t\t<div class=\"elementor-image-carousel swiper-wrapper\" aria-live=\"off\">\n\t\t\t\t\t\t\t\t<div class=\"swiper-slide\" role=\"group\" aria-roledescription=\"slide\" aria-label=\"1 sur 16\"><figure class=\"swiper-slide-inner\"><img decoding=\"async\" class=\"swiper-slide-image\" src=\"https:\/\/www.moulindelagrognette.fr\/wp-content\/uploads\/2025\/04\/20240224_174424-rotated.jpg\" alt=\"20240224_174424\" \/><\/figure><\/div><div class=\"swiper-slide\" role=\"group\" aria-roledescription=\"slide\" aria-label=\"2 sur 16\"><figure class=\"swiper-slide-inner\"><img decoding=\"async\" class=\"swiper-slide-image\" src=\"https:\/\/www.moulindelagrognette.fr\/wp-content\/uploads\/2025\/04\/20240518_064833.jpg\" alt=\"20240518_064833\" \/><\/figure><\/div><div class=\"swiper-slide\" role=\"group\" aria-roledescription=\"slide\" aria-label=\"3 sur 16\"><figure class=\"swiper-slide-inner\"><img decoding=\"async\" class=\"swiper-slide-image\" src=\"https:\/\/www.moulindelagrognette.fr\/wp-content\/uploads\/2025\/04\/20240913_193825-scaled.jpg\" alt=\"20240913_193825\" \/><\/figure><\/div><div class=\"swiper-slide\" role=\"group\" aria-roledescription=\"slide\" aria-label=\"4 sur 16\"><figure class=\"swiper-slide-inner\"><img decoding=\"async\" class=\"swiper-slide-image\" src=\"https:\/\/www.moulindelagrognette.fr\/wp-content\/uploads\/2025\/04\/20240914_202551-scaled.jpg\" alt=\"20240914_202551\" \/><\/figure><\/div><div class=\"swiper-slide\" role=\"group\" aria-roledescription=\"slide\" aria-label=\"5 sur 16\"><figure class=\"swiper-slide-inner\"><img decoding=\"async\" class=\"swiper-slide-image\" src=\"https:\/\/www.moulindelagrognette.fr\/wp-content\/uploads\/2025\/04\/20241028_162820-scaled.jpg\" alt=\"20241028_162820\" \/><\/figure><\/div><div class=\"swiper-slide\" role=\"group\" aria-roledescription=\"slide\" aria-label=\"6 sur 16\"><figure class=\"swiper-slide-inner\"><img decoding=\"async\" class=\"swiper-slide-image\" src=\"https:\/\/www.moulindelagrognette.fr\/wp-content\/uploads\/2025\/04\/20241028_162855-scaled.jpg\" alt=\"20241028_162855\" \/><\/figure><\/div><div class=\"swiper-slide\" role=\"group\" aria-roledescription=\"slide\" aria-label=\"7 sur 16\"><figure class=\"swiper-slide-inner\"><img decoding=\"async\" class=\"swiper-slide-image\" src=\"https:\/\/www.moulindelagrognette.fr\/wp-content\/uploads\/2025\/04\/20241123_081531-scaled.jpg\" alt=\"20241123_081531\" \/><\/figure><\/div><div class=\"swiper-slide\" role=\"group\" aria-roledescription=\"slide\" aria-label=\"8 sur 16\"><figure class=\"swiper-slide-inner\"><img decoding=\"async\" class=\"swiper-slide-image\" src=\"https:\/\/www.moulindelagrognette.fr\/wp-content\/uploads\/2025\/04\/20250112_084113-scaled.jpg\" alt=\"20250112_084113\" \/><\/figure><\/div><div class=\"swiper-slide\" role=\"group\" aria-roledescription=\"slide\" aria-label=\"9 sur 16\"><figure class=\"swiper-slide-inner\"><img decoding=\"async\" class=\"swiper-slide-image\" src=\"https:\/\/www.moulindelagrognette.fr\/wp-content\/uploads\/2025\/04\/20250114_164804-scaled.jpg\" alt=\"20250114_164804\" \/><\/figure><\/div><div class=\"swiper-slide\" role=\"group\" aria-roledescription=\"slide\" aria-label=\"10 sur 16\"><figure class=\"swiper-slide-inner\"><img decoding=\"async\" class=\"swiper-slide-image\" src=\"https:\/\/www.moulindelagrognette.fr\/wp-content\/uploads\/2025\/04\/20250126_100321-scaled.jpg\" alt=\"20250126_100321\" \/><\/figure><\/div><div class=\"swiper-slide\" role=\"group\" aria-roledescription=\"slide\" aria-label=\"11 sur 16\"><figure class=\"swiper-slide-inner\"><img decoding=\"async\" class=\"swiper-slide-image\" src=\"https:\/\/www.moulindelagrognette.fr\/wp-content\/uploads\/2025\/04\/IMG-20241006-WA0051.jpg\" alt=\"IMG-20241006-WA0051\" \/><\/figure><\/div><div class=\"swiper-slide\" role=\"group\" aria-roledescription=\"slide\" aria-label=\"12 sur 16\"><figure class=\"swiper-slide-inner\"><img decoding=\"async\" class=\"swiper-slide-image\" src=\"https:\/\/www.moulindelagrognette.fr\/wp-content\/uploads\/2025\/05\/Photo-retraite-yoga-mai-2025-1.jpg\" alt=\"Photo retraite yoga mai 2025 1\" \/><\/figure><\/div><div class=\"swiper-slide\" role=\"group\" aria-roledescription=\"slide\" aria-label=\"13 sur 16\"><figure class=\"swiper-slide-inner\"><img decoding=\"async\" class=\"swiper-slide-image\" src=\"https:\/\/www.moulindelagrognette.fr\/wp-content\/uploads\/2025\/05\/photo-retraite-yoga-mai-2025-2-scaled.jpg\" alt=\"photo retraite yoga mai 2025 2\" \/><\/figure><\/div><div class=\"swiper-slide\" role=\"group\" aria-roledescription=\"slide\" aria-label=\"14 sur 16\"><figure class=\"swiper-slide-inner\"><img decoding=\"async\" class=\"swiper-slide-image\" src=\"https:\/\/www.moulindelagrognette.fr\/wp-content\/uploads\/2025\/05\/Photo-retraite-yoga-mai-2025-3-scaled.jpg\" alt=\"Photo retraite yoga mai 2025 3\" \/><\/figure><\/div><div class=\"swiper-slide\" role=\"group\" aria-roledescription=\"slide\" aria-label=\"15 sur 16\"><figure class=\"swiper-slide-inner\"><img decoding=\"async\" class=\"swiper-slide-image\" src=\"https:\/\/www.moulindelagrognette.fr\/wp-content\/uploads\/2025\/05\/photo-retraite-yoga-mai-2025-4-scaled.jpg\" alt=\"photo retraite yoga mai 2025 4\" \/><\/figure><\/div><div class=\"swiper-slide\" role=\"group\" aria-roledescription=\"slide\" aria-label=\"16 sur 16\"><figure class=\"swiper-slide-inner\"><img decoding=\"async\" class=\"swiper-slide-image\" src=\"https:\/\/www.moulindelagrognette.fr\/wp-content\/uploads\/2025\/05\/Photo-retraite-yoga-mai-2025.jpg\" alt=\"Photo retraite yoga mai 2025\" \/><\/figure><\/div>\t\t\t<\/div>\n\t\t\t\t\t\t\t\t\t\t\t\t<div class=\"elementor-swiper-button elementor-swiper-button-prev\" role=\"button\" tabindex=\"0\">\n\t\t\t\t\t\t<svg aria-hidden=\"true\" class=\"e-font-icon-svg e-eicon-chevron-left\" viewBox=\"0 0 1000 1000\" xmlns=\"http:\/\/www.w3.org\/2000\/svg\"><path d=\"M646 125C629 125 613 133 604 142L308 442C296 454 292 471 292 487 292 504 296 521 308 533L604 854C617 867 629 875 646 875 663 875 679 871 692 858 704 846 713 829 713 812 713 796 708 779 692 767L438 487 692 225C700 217 708 204 708 187 708 171 704 154 692 142 675 129 663 125 646 125Z\"><\/path><\/svg>\t\t\t\t\t<\/div>\n\t\t\t\t\t<div class=\"elementor-swiper-button elementor-swiper-button-next\" role=\"button\" tabindex=\"0\">\n\t\t\t\t\t\t<svg aria-hidden=\"true\" class=\"e-font-icon-svg e-eicon-chevron-right\" viewBox=\"0 0 1000 1000\" xmlns=\"http:\/\/www.w3.org\/2000\/svg\"><path d=\"M696 533C708 521 713 504 713 487 713 471 708 454 696 446L400 146C388 133 375 125 354 125 338 125 325 129 313 142 300 154 292 171 292 187 292 204 296 221 308 233L563 492 304 771C292 783 288 800 288 817 288 833 296 850 308 863 321 871 338 875 354 875 371 875 388 867 400 854L696 533Z\"><\/path><\/svg>\t\t\t\t\t<\/div>\n\t\t\t\t\n\t\t\t\t\t\t\t\t\t<div class=\"swiper-pagination\"><\/div>\n\t\t\t\t\t\t\t\t\t<\/div>\n\t\t\t\t\t\t<\/div>\n\t\t\t\t<\/div>\n\t\t\t\t\t<\/div>\n\t\t\t\t<\/div>\n\t\t\t\t<\/div>\n\t\t","protected":false},"excerpt":{"rendered":"<p>Un lieu hors du temps, entre nature et authenticit\u00e9&#8230;..un coin de paradis \u00e0 partager! Il y a quelques ann\u00e9es, nous avons eu un vrai coup de foudre pour ce lieu, un ancien moulinentour\u00e9 de nature, avec un \u00e9tang paisible, des arbres majestueux et une atmosph\u00e8re hors du temps.De ce &nbsp;coup de coeur est n\u00e9 un [&hellip;]<\/p>\n","protected":false},"author":1,"featured_media":0,"parent":0,"menu_order":0,"comment_status":"closed","ping_status":"closed","template":"elementor_header_footer","meta":{"ocean_post_layout":"","ocean_both_sidebars_style":"","ocean_both_sidebars_content_width":0,"ocean_both_sidebars_sidebars_width":0,"ocean_sidebar":"","ocean_second_sidebar":"","ocean_disable_margins":"enable","ocean_add_body_class":"","ocean_shortcode_before_top_bar":"","ocean_shortcode_after_top_bar":"","ocean_shortcode_before_header":"","ocean_shortcode_after_header":"","ocean_has_shortcode":"","ocean_shortcode_after_title":"","ocean_shortcode_before_footer_widgets":"","ocean_shortcode_after_footer_widgets":"","ocean_shortcode_before_footer_bottom":"","ocean_shortcode_after_footer_bottom":"","ocean_display_top_bar":"default","ocean_display_header":"default","ocean_header_style":"","ocean_center_header_left_menu":"","ocean_custom_header_template":"","ocean_custom_logo":0,"ocean_custom_retina_logo":0,"ocean_custom_logo_max_width":0,"ocean_custom_logo_tablet_max_width":0,"ocean_custom_logo_mobile_max_width":0,"ocean_custom_logo_max_height":0,"ocean_custom_logo_tablet_max_height":0,"ocean_custom_logo_mobile_max_height":0,"ocean_header_custom_menu":"","ocean_menu_typo_font_family":"","ocean_menu_typo_font_subset":"","ocean_menu_typo_font_size":0,"ocean_menu_typo_font_size_tablet":0,"ocean_menu_typo_font_size_mobile":0,"ocean_menu_typo_font_size_unit":"px","ocean_menu_typo_font_weight":"","ocean_menu_typo_font_weight_tablet":"","ocean_menu_typo_font_weight_mobile":"","ocean_menu_typo_transform":"","ocean_menu_typo_transform_tablet":"","ocean_menu_typo_transform_mobile":"","ocean_menu_typo_line_height":0,"ocean_menu_typo_line_height_tablet":0,"ocean_menu_typo_line_height_mobile":0,"ocean_menu_typo_line_height_unit":"","ocean_menu_typo_spacing":0,"ocean_menu_typo_spacing_tablet":0,"ocean_menu_typo_spacing_mobile":0,"ocean_menu_typo_spacing_unit":"","ocean_menu_link_color":"","ocean_menu_link_color_hover":"","ocean_menu_link_color_active":"","ocean_menu_link_background":"","ocean_menu_link_hover_background":"","ocean_menu_link_active_background":"","ocean_menu_social_links_bg":"","ocean_menu_social_hover_links_bg":"","ocean_menu_social_links_color":"","ocean_menu_social_hover_links_color":"","ocean_disable_title":"default","ocean_disable_heading":"default","ocean_post_title":"","ocean_post_subheading":"","ocean_post_title_style":"","ocean_post_title_background_color":"","ocean_post_title_background":0,"ocean_post_title_bg_image_position":"","ocean_post_title_bg_image_attachment":"","ocean_post_title_bg_image_repeat":"","ocean_post_title_bg_image_size":"","ocean_post_title_height":0,"ocean_post_title_bg_overlay":0.5,"ocean_post_title_bg_overlay_color":"","ocean_disable_breadcrumbs":"default","ocean_breadcrumbs_color":"","ocean_breadcrumbs_separator_color":"","ocean_breadcrumbs_links_color":"","ocean_breadcrumbs_links_hover_color":"","ocean_display_footer_widgets":"default","ocean_display_footer_bottom":"default","ocean_custom_footer_template":"","footnotes":""},"class_list":["post-547","page","type-page","status-publish","hentry","entry"],"yoast_head":"<!-- This site is optimized with the Yoast SEO plugin v24.3 - https:\/\/yoast.com\/wordpress\/plugins\/seo\/ -->\n<title>Les ext\u00e9rieurs du moulin - Moulin de la Grognette<\/title>\n<meta name=\"robots\" content=\"index, follow, max-snippet:-1, max-image-preview:large, max-video-preview:-1\" \/>\n<link rel=\"canonical\" href=\"https:\/\/www.moulindelagrognette.fr\/?page_id=547\" \/>\n<meta property=\"og:locale\" content=\"fr_FR\" \/>\n<meta property=\"og:type\" content=\"article\" \/>\n<meta property=\"og:title\" content=\"Les ext\u00e9rieurs du moulin - Moulin de la Grognette\" \/>\n<meta property=\"og:description\" content=\"Un lieu hors du temps, entre nature et authenticit\u00e9&#8230;..un coin de paradis \u00e0 partager! Il y a quelques ann\u00e9es, nous avons eu un vrai coup de foudre pour ce lieu, un ancien moulinentour\u00e9 de nature, avec un \u00e9tang paisible, des arbres majestueux et une atmosph\u00e8re hors du temps.De ce &nbsp;coup de coeur est n\u00e9 un [&hellip;]\" \/>\n<meta property=\"og:url\" content=\"https:\/\/www.moulindelagrognette.fr\/?page_id=547\" \/>\n<meta property=\"og:site_name\" content=\"Moulin de la Grognette\" \/>\n<meta property=\"article:modified_time\" content=\"2025-05-23T13:48:17+00:00\" \/>\n<meta property=\"og:image\" content=\"http:\/\/www.moulindelagrognette.fr\/wp-content\/uploads\/2025\/04\/20240224_174424-rotated.jpg\" \/>\n<meta name=\"twitter:card\" content=\"summary_large_image\" \/>\n<meta name=\"twitter:label1\" content=\"Dur\u00e9e de lecture estim\u00e9e\" \/>\n\t<meta name=\"twitter:data1\" content=\"5 minutes\" \/>\n<script type=\"application\/ld+json\" class=\"yoast-schema-graph\">{\"@context\":\"https:\/\/schema.org\",\"@graph\":[{\"@type\":\"WebPage\",\"@id\":\"https:\/\/www.moulindelagrognette.fr\/?page_id=547\",\"url\":\"https:\/\/www.moulindelagrognette.fr\/?page_id=547\",\"name\":\"Les ext\u00e9rieurs du moulin - Moulin de la Grognette\",\"isPartOf\":{\"@id\":\"https:\/\/www.moulindelagrognette.fr\/#website\"},\"primaryImageOfPage\":{\"@id\":\"https:\/\/www.moulindelagrognette.fr\/?page_id=547#primaryimage\"},\"image\":{\"@id\":\"https:\/\/www.moulindelagrognette.fr\/?page_id=547#primaryimage\"},\"thumbnailUrl\":\"http:\/\/www.moulindelagrognette.fr\/wp-content\/uploads\/2025\/04\/20240224_174424-rotated.jpg\",\"datePublished\":\"2025-04-18T08:40:52+00:00\",\"dateModified\":\"2025-05-23T13:48:17+00:00\",\"breadcrumb\":{\"@id\":\"https:\/\/www.moulindelagrognette.fr\/?page_id=547#breadcrumb\"},\"inLanguage\":\"fr-FR\",\"potentialAction\":[{\"@type\":\"ReadAction\",\"target\":[\"https:\/\/www.moulindelagrognette.fr\/?page_id=547\"]}]},{\"@type\":\"ImageObject\",\"inLanguage\":\"fr-FR\",\"@id\":\"https:\/\/www.moulindelagrognette.fr\/?page_id=547#primaryimage\",\"url\":\"http:\/\/www.moulindelagrognette.fr\/wp-content\/uploads\/2025\/04\/20240224_174424-rotated.jpg\",\"contentUrl\":\"http:\/\/www.moulindelagrognette.fr\/wp-content\/uploads\/2025\/04\/20240224_174424-rotated.jpg\"},{\"@type\":\"BreadcrumbList\",\"@id\":\"https:\/\/www.moulindelagrognette.fr\/?page_id=547#breadcrumb\",\"itemListElement\":[{\"@type\":\"ListItem\",\"position\":1,\"name\":\"Accueil\",\"item\":\"https:\/\/www.moulindelagrognette.fr\/\"},{\"@type\":\"ListItem\",\"position\":2,\"name\":\"Les ext\u00e9rieurs du moulin\"}]},{\"@type\":\"WebSite\",\"@id\":\"https:\/\/www.moulindelagrognette.fr\/#website\",\"url\":\"https:\/\/www.moulindelagrognette.fr\/\",\"name\":\"Moulin de la Grognette\",\"description\":\"\",\"publisher\":{\"@id\":\"https:\/\/www.moulindelagrognette.fr\/#organization\"},\"potentialAction\":[{\"@type\":\"SearchAction\",\"target\":{\"@type\":\"EntryPoint\",\"urlTemplate\":\"https:\/\/www.moulindelagrognette.fr\/?s={search_term_string}\"},\"query-input\":{\"@type\":\"PropertyValueSpecification\",\"valueRequired\":true,\"valueName\":\"search_term_string\"}}],\"inLanguage\":\"fr-FR\"},{\"@type\":\"Organization\",\"@id\":\"https:\/\/www.moulindelagrognette.fr\/#organization\",\"name\":\"Moulin de la Grognette\",\"url\":\"https:\/\/www.moulindelagrognette.fr\/\",\"logo\":{\"@type\":\"ImageObject\",\"inLanguage\":\"fr-FR\",\"@id\":\"https:\/\/www.moulindelagrognette.fr\/#\/schema\/logo\/image\/\",\"url\":\"https:\/\/www.moulindelagrognette.fr\/wp-content\/uploads\/2025\/04\/logo-base.png\",\"contentUrl\":\"https:\/\/www.moulindelagrognette.fr\/wp-content\/uploads\/2025\/04\/logo-base.png\",\"width\":1704,\"height\":1724,\"caption\":\"Moulin de la Grognette\"},\"image\":{\"@id\":\"https:\/\/www.moulindelagrognette.fr\/#\/schema\/logo\/image\/\"}}]}<\/script>\n<!-- \/ Yoast SEO plugin. -->","yoast_head_json":{"title":"Les ext\u00e9rieurs du moulin - Moulin de la Grognette","robots":{"index":"index","follow":"follow","max-snippet":"max-snippet:-1","max-image-preview":"max-image-preview:large","max-video-preview":"max-video-preview:-1"},"canonical":"https:\/\/www.moulindelagrognette.fr\/?page_id=547","og_locale":"fr_FR","og_type":"article","og_title":"Les ext\u00e9rieurs du moulin - Moulin de la Grognette","og_description":"Un lieu hors du temps, entre nature et authenticit\u00e9&#8230;..un coin de paradis \u00e0 partager! Il y a quelques ann\u00e9es, nous avons eu un vrai coup de foudre pour ce lieu, un ancien moulinentour\u00e9 de nature, avec un \u00e9tang paisible, des arbres majestueux et une atmosph\u00e8re hors du temps.De ce &nbsp;coup de coeur est n\u00e9 un [&hellip;]","og_url":"https:\/\/www.moulindelagrognette.fr\/?page_id=547","og_site_name":"Moulin de la Grognette","article_modified_time":"2025-05-23T13:48:17+00:00","og_image":[{"url":"http:\/\/www.moulindelagrognette.fr\/wp-content\/uploads\/2025\/04\/20240224_174424-rotated.jpg","type":"","width":"","height":""}],"twitter_card":"summary_large_image","twitter_misc":{"Dur\u00e9e de lecture estim\u00e9e":"5 minutes"},"schema":{"@context":"https:\/\/schema.org","@graph":[{"@type":"WebPage","@id":"https:\/\/www.moulindelagrognette.fr\/?page_id=547","url":"https:\/\/www.moulindelagrognette.fr\/?page_id=547","name":"Les ext\u00e9rieurs du moulin - Moulin de la Grognette","isPartOf":{"@id":"https:\/\/www.moulindelagrognette.fr\/#website"},"primaryImageOfPage":{"@id":"https:\/\/www.moulindelagrognette.fr\/?page_id=547#primaryimage"},"image":{"@id":"https:\/\/www.moulindelagrognette.fr\/?page_id=547#primaryimage"},"thumbnailUrl":"http:\/\/www.moulindelagrognette.fr\/wp-content\/uploads\/2025\/04\/20240224_174424-rotated.jpg","datePublished":"2025-04-18T08:40:52+00:00","dateModified":"2025-05-23T13:48:17+00:00","breadcrumb":{"@id":"https:\/\/www.moulindelagrognette.fr\/?page_id=547#breadcrumb"},"inLanguage":"fr-FR","potentialAction":[{"@type":"ReadAction","target":["https:\/\/www.moulindelagrognette.fr\/?page_id=547"]}]},{"@type":"ImageObject","inLanguage":"fr-FR","@id":"https:\/\/www.moulindelagrognette.fr\/?page_id=547#primaryimage","url":"http:\/\/www.moulindelagrognette.fr\/wp-content\/uploads\/2025\/04\/20240224_174424-rotated.jpg","contentUrl":"http:\/\/www.moulindelagrognette.fr\/wp-content\/uploads\/2025\/04\/20240224_174424-rotated.jpg"},{"@type":"BreadcrumbList","@id":"https:\/\/www.moulindelagrognette.fr\/?page_id=547#breadcrumb","itemListElement":[{"@type":"ListItem","position":1,"name":"Accueil","item":"https:\/\/www.moulindelagrognette.fr\/"},{"@type":"ListItem","position":2,"name":"Les ext\u00e9rieurs du moulin"}]},{"@type":"WebSite","@id":"https:\/\/www.moulindelagrognette.fr\/#website","url":"https:\/\/www.moulindelagrognette.fr\/","name":"Moulin de la Grognette","description":"","publisher":{"@id":"https:\/\/www.moulindelagrognette.fr\/#organization"},"potentialAction":[{"@type":"SearchAction","target":{"@type":"EntryPoint","urlTemplate":"https:\/\/www.moulindelagrognette.fr\/?s={search_term_string}"},"query-input":{"@type":"PropertyValueSpecification","valueRequired":true,"valueName":"search_term_string"}}],"inLanguage":"fr-FR"},{"@type":"Organization","@id":"https:\/\/www.moulindelagrognette.fr\/#organization","name":"Moulin de la Grognette","url":"https:\/\/www.moulindelagrognette.fr\/","logo":{"@type":"ImageObject","inLanguage":"fr-FR","@id":"https:\/\/www.moulindelagrognette.fr\/#\/schema\/logo\/image\/","url":"https:\/\/www.moulindelagrognette.fr\/wp-content\/uploads\/2025\/04\/logo-base.png","contentUrl":"https:\/\/www.moulindelagrognette.fr\/wp-content\/uploads\/2025\/04\/logo-base.png","width":1704,"height":1724,"caption":"Moulin de la Grognette"},"image":{"@id":"https:\/\/www.moulindelagrognette.fr\/#\/schema\/logo\/image\/"}}]}},"_links":{"self":[{"href":"https:\/\/www.moulindelagrognette.fr\/index.php?rest_route=\/wp\/v2\/pages\/547","targetHints":{"allow":["GET"]}}],"collection":[{"href":"https:\/\/www.moulindelagrognette.fr\/index.php?rest_route=\/wp\/v2\/pages"}],"about":[{"href":"https:\/\/www.moulindelagrognette.fr\/index.php?rest_route=\/wp\/v2\/types\/page"}],"author":[{"embeddable":true,"href":"https:\/\/www.moulindelagrognette.fr\/index.php?rest_route=\/wp\/v2\/users\/1"}],"replies":[{"embeddable":true,"href":"https:\/\/www.moulindelagrognette.fr\/index.php?rest_route=%2Fwp%2Fv2%2Fcomments&post=547"}],"version-history":[{"count":43,"href":"https:\/\/www.moulindelagrognette.fr\/index.php?rest_route=\/wp\/v2\/pages\/547\/revisions"}],"predecessor-version":[{"id":737,"href":"https:\/\/www.moulindelagrognette.fr\/index.php?rest_route=\/wp\/v2\/pages\/547\/revisions\/737"}],"wp:attachment":[{"href":"https:\/\/www.moulindelagrognette.fr\/index.php?rest_route=%2Fwp%2Fv2%2Fmedia&parent=547"}],"curies":[{"name":"wp","href":"https:\/\/api.w.org\/{rel}","templated":true}]}}